{"id":6437,"date":"2024-12-03T10:08:28","date_gmt":"2024-12-03T10:08:28","guid":{"rendered":"https:\/\/danielshof.opti-hospitalitysuite.com\/?page_id=6437"},"modified":"2025-06-26T13:13:46","modified_gmt":"2025-06-26T13:13:46","slug":"f-and-b-manager","status":"publish","type":"page","link":"https:\/\/danielshof.opti-hospitalitysuite.com\/en\/f-and-b-manager\/","title":{"rendered":"F &amp; B Manager"},"content":{"rendered":"<div data-elementor-type=\"wp-page\" data-elementor-id=\"6437\" class=\"elementor elementor-6437\" data-elementor-post-type=\"page\">\n\t\t\t\t\t\t<section class=\"elementor-section elementor-top-section elementor-element elementor-element-5d78061 elementor-section-height-min-height cs-section-content-fullwidth cs_scroll_y_100 cs-parallax-on-scroll elementor-hidden-tablet elementor-hidden-mobile elementor-section-boxed elementor-section-height-default elementor-section-items-middle\" data-id=\"5d78061\" data-element_type=\"section\" data-settings=\"{&quot;background_background&quot;:&quot;classic&quot;}\" data-cs-parallax-y=\"100\" style=\"background-image: none;\" data-cs-background-image=\"https:\/\/danielshof.opti-hospitalitysuite.com\/wp-content\/uploads\/2024\/12\/FB-Manager.jpg\" data-cs-background-image-alt-text=\"\">\n\t\t\t\t\t\t\t<div class=\"elementor-background-overlay\"><\/div>\n\t\t\t\t\t\t\t<div class=\"elementor-container elementor-column-gap-no\">\n\t\t\t\t\t<div class=\"elementor-column elementor-col-100 elementor-top-column elementor-element elementor-element-db927be dark-color\" data-id=\"db927be\" data-element_type=\"column\">\n\t\t\t<div class=\"elementor-widget-wrap elementor-element-populated\">\n\t\t\t\t\t\t<div class=\"elementor-element elementor-element-2708cf4 elementor-widget elementor-widget-cs_title\" data-id=\"2708cf4\" data-element_type=\"widget\" data-widget_type=\"cs_title.default\">\n\t\t\t\t<div class=\"elementor-widget-container\">\n\t\t\t\t\t\n        <div class=\"cs-title-wrap text-center\">\t            <h1 class=\"cs-title\">\n\t                F&amp;B Manager\t            <\/h1>        <\/div>\t\t\t\t<\/div>\n\t\t\t\t<\/div>\n\t\t\t\t\t<\/div>\n\t\t<\/div>\n\t\t\t\t\t<\/div>\n\t\t<\/section>\n\t\t\t\t<section class=\"elementor-section elementor-top-section elementor-element elementor-element-f9af961 elementor-section-height-full cs-section-content-fullwidth cs_scroll_y_100 cs-parallax-on-scroll elementor-hidden-desktop elementor-section-boxed elementor-section-height-default elementor-section-items-middle\" data-id=\"f9af961\" data-element_type=\"section\" data-settings=\"{&quot;background_background&quot;:&quot;classic&quot;}\" data-cs-parallax-y=\"100\" style=\"background-image: none;\" data-cs-background-image=\"https:\/\/danielshof.opti-hospitalitysuite.com\/wp-content\/uploads\/2024\/12\/FB-Manager.jpg\" data-cs-background-image-alt-text=\"\">\n\t\t\t\t\t\t\t<div class=\"elementor-background-overlay\"><\/div>\n\t\t\t\t\t\t\t<div class=\"elementor-container elementor-column-gap-no\">\n\t\t\t\t\t<div class=\"elementor-column elementor-col-100 elementor-top-column elementor-element elementor-element-61c953e dark-color\" data-id=\"61c953e\" data-element_type=\"column\">\n\t\t\t<div class=\"elementor-widget-wrap elementor-element-populated\">\n\t\t\t\t\t\t<div class=\"elementor-element elementor-element-b99da64 elementor-widget elementor-widget-cs_title\" data-id=\"b99da64\" data-element_type=\"widget\" data-widget_type=\"cs_title.default\">\n\t\t\t\t<div class=\"elementor-widget-container\">\n\t\t\t\t\t\n        <div class=\"cs-title-wrap text-center text-center-mobile\">\t            <h1 class=\"cs-title\">\n\t                F&amp;B Manager\t            <\/h1>        <\/div>\t\t\t\t<\/div>\n\t\t\t\t<\/div>\n\t\t\t\t\t<\/div>\n\t\t<\/div>\n\t\t\t\t\t<\/div>\n\t\t<\/section>\n\t\t\t\t<section class=\"elementor-section elementor-top-section elementor-element elementor-element-04b74ad cs-section-content-fullwidth elementor-section-boxed elementor-section-height-default elementor-section-height-default\" data-id=\"04b74ad\" data-element_type=\"section\" data-settings=\"{&quot;background_background&quot;:&quot;classic&quot;}\">\n\t\t\t\t\t\t<div class=\"elementor-container elementor-column-gap-no\">\n\t\t\t\t\t<div class=\"elementor-column elementor-col-100 elementor-top-column elementor-element elementor-element-f57202f\" data-id=\"f57202f\" data-element_type=\"column\">\n\t\t\t<div class=\"elementor-widget-wrap elementor-element-populated\">\n\t\t\t\t\t\t<div class=\"elementor-element elementor-element-930dc6e elementor-view-default elementor-widget elementor-widget-icon\" data-id=\"930dc6e\" data-element_type=\"widget\" data-widget_type=\"icon.default\">\n\t\t\t\t<div class=\"elementor-widget-container\">\n\t\t\t\t\t\t\t<div class=\"elementor-icon-wrapper\">\n\t\t\t<div class=\"elementor-icon\">\n\t\t\t<i aria-hidden=\"true\" class=\"flaticon flaticon-tuxedo\"><\/i>\t\t\t<\/div>\n\t\t<\/div>\n\t\t\t\t\t\t<\/div>\n\t\t\t\t<\/div>\n\t\t\t\t<div class=\"elementor-element elementor-element-3bb51bd elementor-widget elementor-widget-cs_title\" data-id=\"3bb51bd\" data-element_type=\"widget\" data-widget_type=\"cs_title.default\">\n\t\t\t\t<div class=\"elementor-widget-container\">\n\t\t\t\t\t\n        <div class=\"cs-title-wrap text-center\">\t            <div class=\"cs-subtitle-wrap\"><span class=\"cs-subtitle\">Leadership. Innovation. Hospitality.<\/span><\/div>\t            <div class=\"cs-title-text\">\n\t                <p>We, Landhaus Danielshof, a boutique hotel with an attached catering department, are now looking for a dedicated F&amp;B Manager to strengthen our team.<\/p>\t            <\/div>        <\/div>\t\t\t\t<\/div>\n\t\t\t\t<\/div>\n\t\t\t\t\t<\/div>\n\t\t<\/div>\n\t\t\t\t\t<\/div>\n\t\t<\/section>\n\t\t\t\t<section class=\"elementor-section elementor-top-section elementor-element elementor-element-a6c5886 cs-parallax-on-scroll cs_scroll_y_100 cs-section-content-fullwidth elementor-section-boxed elementor-section-height-default elementor-section-height-default\" data-id=\"a6c5886\" data-element_type=\"section\" data-settings=\"{&quot;background_background&quot;:&quot;classic&quot;}\" data-cs-parallax-y=\"100\" style=\"background-image: none;\" data-cs-background-image=\"https:\/\/danielshof.opti-hospitalitysuite.com\/wp-content\/uploads\/2024\/10\/Celebrations-101.jpg\" data-cs-background-image-alt-text=\"\">\n\t\t\t\t\t\t\t<div class=\"elementor-background-overlay\"><\/div>\n\t\t\t\t\t\t\t<div class=\"elementor-container elementor-column-gap-no\">\n\t\t\t\t\t<div class=\"elementor-column elementor-col-100 elementor-top-column elementor-element elementor-element-a80f6cb dark-color\" data-id=\"a80f6cb\" data-element_type=\"column\">\n\t\t\t<div class=\"elementor-widget-wrap elementor-element-populated\">\n\t\t\t\t\t\t<div class=\"elementor-element elementor-element-d2d7ec3 elementor-view-default elementor-widget elementor-widget-icon\" data-id=\"d2d7ec3\" data-element_type=\"widget\" data-widget_type=\"icon.default\">\n\t\t\t\t<div class=\"elementor-widget-container\">\n\t\t\t\t\t\t\t<div class=\"elementor-icon-wrapper\">\n\t\t\t<div class=\"elementor-icon\">\n\t\t\t<i aria-hidden=\"true\" class=\"flaticon flaticon-user-2\"><\/i>\t\t\t<\/div>\n\t\t<\/div>\n\t\t\t\t\t\t<\/div>\n\t\t\t\t<\/div>\n\t\t\t\t<div class=\"elementor-element elementor-element-f61a6b1 elementor-widget elementor-widget-cs_title\" data-id=\"f61a6b1\" data-element_type=\"widget\" data-widget_type=\"cs_title.default\">\n\t\t\t\t<div class=\"elementor-widget-container\">\n\t\t\t\t\t\n        <div class=\"cs-title-wrap text-center\">\t            <h3 class=\"cs-title\">\n\t                About Us\t            <\/h3>\t            <div class=\"cs-title-text\">\n\t                <p>Our boutique hotel has 41 rooms and offers a variety of event options, including \u00e0 la carte service, seminars, birthday parties, weddings, baptisms and other events. With a team of 30 permanent employees, we work in a familiar and warm atmosphere.<\/p>\t            <\/div>        <\/div>\t\t\t\t<\/div>\n\t\t\t\t<\/div>\n\t\t\t\t\t<\/div>\n\t\t<\/div>\n\t\t\t\t\t<\/div>\n\t\t<\/section>\n\t\t\t\t<section class=\"elementor-section elementor-top-section elementor-element elementor-element-18f3e83 elementor-section-boxed elementor-section-height-default elementor-section-height-default\" data-id=\"18f3e83\" data-element_type=\"section\" data-settings=\"{&quot;background_background&quot;:&quot;classic&quot;}\">\n\t\t\t\t\t\t<div class=\"elementor-container elementor-column-gap-no\">\n\t\t\t\t\t<div class=\"elementor-column elementor-col-100 elementor-top-column elementor-element elementor-element-3aa1563\" data-id=\"3aa1563\" data-element_type=\"column\">\n\t\t\t<div class=\"elementor-widget-wrap elementor-element-populated\">\n\t\t\t\t\t\t<div class=\"elementor-element elementor-element-984b1d7 elementor-widget elementor-widget-cs_title\" data-id=\"984b1d7\" data-element_type=\"widget\" data-widget_type=\"cs_title.default\">\n\t\t\t\t<div class=\"elementor-widget-container\">\n\t\t\t\t\t\n        <div class=\"cs-title-wrap text-left\">\t            <h2 class=\"cs-title\">\n\t                Your Tasks\t            <\/h2>\t            <div class=\"cs-title-text\">\n\t                <ul><li>Above all, you are operationally hands-on and ensure every day that our guests enjoy our culinary offerings to the fullest.<\/li><li>Coordination of the various F&amp;B areas and independent planning and implementation of F&amp;B campaigns at different venues.<\/li><li>With a high level of service awareness and attention to detail, you ensure that all quality standards are met.<\/li><\/ul>\t            <\/div>        <\/div>\t\t\t\t<\/div>\n\t\t\t\t<\/div>\n\t\t\t\t<div class=\"elementor-element elementor-element-5bd033f elementor-widget elementor-widget-cs_title\" data-id=\"5bd033f\" data-element_type=\"widget\" data-widget_type=\"cs_title.default\">\n\t\t\t\t<div class=\"elementor-widget-container\">\n\t\t\t\t\t\n        <div class=\"cs-title-wrap text-left\">\t            <h2 class=\"cs-title\">\n\t                What you must have\t            <\/h2>\t            <div class=\"cs-title-text\">\n\t                <ul><li>Completed training in the hotel industry and experience in the F&amp;B sector.<\/li><li>Assertiveness, creativity and motivation.<\/li><li>Enjoy working in a committed, multicultural team.<\/li><li>Your strengths include initiative, enthusiasm and commitment.<\/li><li>Good PC knowledge and experience with MS Office are an advantage.<\/li><li>Very good knowledge of spoken and written German is essential.<\/li><li>Ability to lead a team and work closely with the owner.<\/li><\/ul>\t            <\/div>        <\/div>\t\t\t\t<\/div>\n\t\t\t\t<\/div>\n\t\t\t\t\t<\/div>\n\t\t<\/div>\n\t\t\t\t\t<\/div>\n\t\t<\/section>\n\t\t\t\t<section class=\"elementor-section elementor-top-section elementor-element elementor-element-7548e42 cs-parallax-on-scroll cs_scroll_y_100 cs-section-content-fullwidth elementor-section-boxed elementor-section-height-default elementor-section-height-default\" data-id=\"7548e42\" data-element_type=\"section\" data-settings=\"{&quot;background_background&quot;:&quot;classic&quot;}\" data-cs-parallax-y=\"100\" style=\"background-image: none;\" data-cs-background-image=\"https:\/\/danielshof.opti-hospitalitysuite.com\/wp-content\/uploads\/2024\/11\/Background2.png\" data-cs-background-image-alt-text=\"\">\n\t\t\t\t\t\t\t<div class=\"elementor-background-overlay\"><\/div>\n\t\t\t\t\t\t\t<div class=\"elementor-container elementor-column-gap-no\">\n\t\t\t\t\t<div class=\"elementor-column elementor-col-100 elementor-top-column elementor-element elementor-element-a2c9933 dark-color\" data-id=\"a2c9933\" data-element_type=\"column\">\n\t\t\t<div class=\"elementor-widget-wrap elementor-element-populated\">\n\t\t\t\t\t\t<div class=\"elementor-element elementor-element-09a829b elementor-view-default elementor-widget elementor-widget-icon\" data-id=\"09a829b\" data-element_type=\"widget\" data-widget_type=\"icon.default\">\n\t\t\t\t<div class=\"elementor-widget-container\">\n\t\t\t\t\t\t\t<div class=\"elementor-icon-wrapper\">\n\t\t\t<div class=\"elementor-icon\">\n\t\t\t<i aria-hidden=\"true\" class=\"flaticon flaticon-reception\"><\/i>\t\t\t<\/div>\n\t\t<\/div>\n\t\t\t\t\t\t<\/div>\n\t\t\t\t<\/div>\n\t\t\t\t<div class=\"elementor-element elementor-element-dbc904e elementor-widget elementor-widget-cs_title\" data-id=\"dbc904e\" data-element_type=\"widget\" data-widget_type=\"cs_title.default\">\n\t\t\t\t<div class=\"elementor-widget-container\">\n\t\t\t\t\t\n        <div class=\"cs-title-wrap text-center\">\t            <h3 class=\"cs-title\">\n\t                Interested?\t            <\/h3>\t            <div class=\"cs-title-text\">\n\t                <p>Are you a strong communicator and enjoy working in a team and with people?<\/p><p>Then we look forward to receiving your application by e-mail: <strong>cds@danielshof.opti-hospitalitysuite.com<\/strong><\/p>\t            <\/div>        <\/div>\t\t\t\t<\/div>\n\t\t\t\t<\/div>\n\t\t\t\t\t<\/div>\n\t\t<\/div>\n\t\t\t\t\t<\/div>\n\t\t<\/section>\n\t\t\t\t<\/div>","protected":false},"excerpt":{"rendered":"<p>F&amp;B Manager F&amp;B Manager F\u00fchrung. Innovation. Gastfreundschaft Wir, das Landhaus Danielshof, ein Boutique-Hotel mit angeschlossener Catering-Abteilung, suchen ab sofort einen engagierten F&amp;B Manager (m\/w\/d) zur Verst\u00e4rkung unseres Teams. \u00dcber uns Unser Boutique-Hotel verf\u00fcgt \u00fcber 41 Zimmer und bietet vielf\u00e4ltige Veranstaltungsoptionen, darunter \u00e0 la carte Service, Seminare, Geburtstagsfeiern, Hochzeiten, Taufen und weitere Events. Mit einem Team &#8230;<\/p>","protected":false},"author":1,"featured_media":0,"parent":0,"menu_order":0,"comment_status":"closed","ping_status":"closed","template":"elementor_header_footer","meta":{"cozystay_single_page_hide_site_header":"","cozystay_single_page_site_header_source":"","cozystay_single_page_custom_site_header":"0","cozystay_single_page_custom_sticky_site_header":"0","cozystay_single_page_hide_page_title":"","cozystay_single_page_header_section_size":"","cozystay_single_page_header_background_color":"","cozystay_single_page_header_background_position_x":"center","cozystay_single_page_header_background_position_y":"center","cozystay_single_page_header_background_size":"cover","cozystay_single_page_header_background_repeat":"off","cozystay_single_page_header_background_scroll":"on","cozystay_single_page_header_text_color":"","cozystay_single_page_header_show_breadcrumb":"","cozystay_single_page_site_footer_hide_main":"","cozystay_single_custom_site_footer_main_source":"","cozystay_single_custom_site_footer_main":"0","cozystay_single_page_site_footer_hide_above":"","cozystay_single_custom_site_footer_above_source":"","cozystay_single_custom_site_footer_above":"0","cozystay_single_page_site_footer_hide_instagram":"","cozystay_single_page_site_footer_hide_bottom":"","cozystay_single_custom_mobile_menu_source":"","cozystay_single_custom_mobile_menu":"0","cozystay_single_custom_mobile_menu_animation":"","cozystay_single_custom_mobile_menu_width":"","cozystay_single_custom_mobile_menu_custom_width":375,"footnotes":""},"class_list":["post-6437","page","type-page","status-publish","hentry"],"yoast_head":"<!-- This site is optimized with the Yoast SEO plugin v27.5 - https:\/\/yoast.com\/product\/yoast-seo-wordpress\/ -->\n<title>F &amp; B Manager - Danielshof<\/title>\n<meta name=\"robots\" content=\"index, follow, max-snippet:-1, max-image-preview:large, max-video-preview:-1\" \/>\n<link rel=\"canonical\" href=\"https:\/\/danielshof.opti-hospitalitysuite.com\/en\/f-and-b-manager\/\" \/>\n<meta property=\"og:locale\" content=\"en_GB\" \/>\n<meta property=\"og:type\" content=\"article\" \/>\n<meta property=\"og:title\" content=\"F &amp; B Manager - Danielshof\" \/>\n<meta property=\"og:description\" content=\"F&amp;B Manager F&amp;B Manager F\u00fchrung. Innovation. Gastfreundschaft Wir, das Landhaus Danielshof, ein Boutique-Hotel mit angeschlossener Catering-Abteilung, suchen ab sofort einen engagierten F&amp;B Manager (m\/w\/d) zur Verst\u00e4rkung unseres Teams. \u00dcber uns Unser Boutique-Hotel verf\u00fcgt \u00fcber 41 Zimmer und bietet vielf\u00e4ltige Veranstaltungsoptionen, darunter \u00e0 la carte Service, Seminare, Geburtstagsfeiern, Hochzeiten, Taufen und weitere Events. Mit einem Team ...\" \/>\n<meta property=\"og:url\" content=\"https:\/\/danielshof.opti-hospitalitysuite.com\/en\/f-and-b-manager\/\" \/>\n<meta property=\"og:site_name\" content=\"Danielshof\" \/>\n<meta property=\"article:modified_time\" content=\"2025-06-26T13:13:46+00:00\" \/>\n<meta name=\"twitter:card\" content=\"summary_large_image\" \/>\n<meta name=\"twitter:label1\" content=\"Estimated reading time\" \/>\n\t<meta name=\"twitter:data1\" content=\"1 minute\" \/>\n<script type=\"application\/ld+json\" class=\"yoast-schema-graph\">{\"@context\":\"https:\\\/\\\/schema.org\",\"@graph\":[{\"@type\":\"WebPage\",\"@id\":\"https:\\\/\\\/danielshof.opti-hospitalitysuite.com\\\/f-and-b-manager\\\/\",\"url\":\"https:\\\/\\\/danielshof.opti-hospitalitysuite.com\\\/f-and-b-manager\\\/\",\"name\":\"F &amp; B Manager - Danielshof\",\"isPartOf\":{\"@id\":\"https:\\\/\\\/danielshof.opti-hospitalitysuite.com\\\/en\\\/#website\"},\"datePublished\":\"2024-12-03T10:08:28+00:00\",\"dateModified\":\"2025-06-26T13:13:46+00:00\",\"breadcrumb\":{\"@id\":\"https:\\\/\\\/danielshof.opti-hospitalitysuite.com\\\/f-and-b-manager\\\/#breadcrumb\"},\"inLanguage\":\"en-GB\",\"potentialAction\":[{\"@type\":\"ReadAction\",\"target\":[\"https:\\\/\\\/danielshof.opti-hospitalitysuite.com\\\/f-and-b-manager\\\/\"]}]},{\"@type\":\"BreadcrumbList\",\"@id\":\"https:\\\/\\\/danielshof.opti-hospitalitysuite.com\\\/f-and-b-manager\\\/#breadcrumb\",\"itemListElement\":[{\"@type\":\"ListItem\",\"position\":1,\"name\":\"Home\",\"item\":\"https:\\\/\\\/danielshof.opti-hospitalitysuite.com\\\/\"},{\"@type\":\"ListItem\",\"position\":2,\"name\":\"F &amp; B Manager\"}]},{\"@type\":\"WebSite\",\"@id\":\"https:\\\/\\\/danielshof.opti-hospitalitysuite.com\\\/en\\\/#website\",\"url\":\"https:\\\/\\\/danielshof.opti-hospitalitysuite.com\\\/en\\\/\",\"name\":\"Danielshof\",\"description\":\"\",\"publisher\":{\"@id\":\"https:\\\/\\\/danielshof.opti-hospitalitysuite.com\\\/en\\\/#organization\"},\"potentialAction\":[{\"@type\":\"SearchAction\",\"target\":{\"@type\":\"EntryPoint\",\"urlTemplate\":\"https:\\\/\\\/danielshof.opti-hospitalitysuite.com\\\/en\\\/?s={search_term_string}\"},\"query-input\":{\"@type\":\"PropertyValueSpecification\",\"valueRequired\":true,\"valueName\":\"search_term_string\"}}],\"inLanguage\":\"en-GB\"},{\"@type\":\"Organization\",\"@id\":\"https:\\\/\\\/danielshof.opti-hospitalitysuite.com\\\/en\\\/#organization\",\"name\":\"Danielshof\",\"url\":\"https:\\\/\\\/danielshof.opti-hospitalitysuite.com\\\/en\\\/\",\"logo\":{\"@type\":\"ImageObject\",\"inLanguage\":\"en-GB\",\"@id\":\"https:\\\/\\\/danielshof.opti-hospitalitysuite.com\\\/en\\\/#\\\/schema\\\/logo\\\/image\\\/\",\"url\":\"https:\\\/\\\/danielshof.opti-hospitalitysuite.com\\\/wp-content\\\/uploads\\\/2023\\\/04\\\/cropped-Danielshof_logo-color-e1729070050196.png\",\"contentUrl\":\"https:\\\/\\\/danielshof.opti-hospitalitysuite.com\\\/wp-content\\\/uploads\\\/2023\\\/04\\\/cropped-Danielshof_logo-color-e1729070050196.png\",\"width\":269,\"height\":84,\"caption\":\"Danielshof\"},\"image\":{\"@id\":\"https:\\\/\\\/danielshof.opti-hospitalitysuite.com\\\/en\\\/#\\\/schema\\\/logo\\\/image\\\/\"}}]}<\/script>\n<!-- \/ Yoast SEO plugin. -->","yoast_head_json":{"title":"F &amp; B Manager - Danielshof","robots":{"index":"index","follow":"follow","max-snippet":"max-snippet:-1","max-image-preview":"max-image-preview:large","max-video-preview":"max-video-preview:-1"},"canonical":"https:\/\/danielshof.opti-hospitalitysuite.com\/en\/f-and-b-manager\/","og_locale":"en_GB","og_type":"article","og_title":"F &amp; B Manager - Danielshof","og_description":"F&amp;B Manager F&amp;B Manager F\u00fchrung. Innovation. Gastfreundschaft Wir, das Landhaus Danielshof, ein Boutique-Hotel mit angeschlossener Catering-Abteilung, suchen ab sofort einen engagierten F&amp;B Manager (m\/w\/d) zur Verst\u00e4rkung unseres Teams. \u00dcber uns Unser Boutique-Hotel verf\u00fcgt \u00fcber 41 Zimmer und bietet vielf\u00e4ltige Veranstaltungsoptionen, darunter \u00e0 la carte Service, Seminare, Geburtstagsfeiern, Hochzeiten, Taufen und weitere Events. Mit einem Team ...","og_url":"https:\/\/danielshof.opti-hospitalitysuite.com\/en\/f-and-b-manager\/","og_site_name":"Danielshof","article_modified_time":"2025-06-26T13:13:46+00:00","twitter_card":"summary_large_image","twitter_misc":{"Estimated reading time":"1 minute"},"schema":{"@context":"https:\/\/schema.org","@graph":[{"@type":"WebPage","@id":"https:\/\/danielshof.opti-hospitalitysuite.com\/f-and-b-manager\/","url":"https:\/\/danielshof.opti-hospitalitysuite.com\/f-and-b-manager\/","name":"F &amp; B Manager - Danielshof","isPartOf":{"@id":"https:\/\/danielshof.opti-hospitalitysuite.com\/en\/#website"},"datePublished":"2024-12-03T10:08:28+00:00","dateModified":"2025-06-26T13:13:46+00:00","breadcrumb":{"@id":"https:\/\/danielshof.opti-hospitalitysuite.com\/f-and-b-manager\/#breadcrumb"},"inLanguage":"en-GB","potentialAction":[{"@type":"ReadAction","target":["https:\/\/danielshof.opti-hospitalitysuite.com\/f-and-b-manager\/"]}]},{"@type":"BreadcrumbList","@id":"https:\/\/danielshof.opti-hospitalitysuite.com\/f-and-b-manager\/#breadcrumb","itemListElement":[{"@type":"ListItem","position":1,"name":"Home","item":"https:\/\/danielshof.opti-hospitalitysuite.com\/"},{"@type":"ListItem","position":2,"name":"F &amp; B Manager"}]},{"@type":"WebSite","@id":"https:\/\/danielshof.opti-hospitalitysuite.com\/en\/#website","url":"https:\/\/danielshof.opti-hospitalitysuite.com\/en\/","name":"Danielshof","description":"","publisher":{"@id":"https:\/\/danielshof.opti-hospitalitysuite.com\/en\/#organization"},"potentialAction":[{"@type":"SearchAction","target":{"@type":"EntryPoint","urlTemplate":"https:\/\/danielshof.opti-hospitalitysuite.com\/en\/?s={search_term_string}"},"query-input":{"@type":"PropertyValueSpecification","valueRequired":true,"valueName":"search_term_string"}}],"inLanguage":"en-GB"},{"@type":"Organization","@id":"https:\/\/danielshof.opti-hospitalitysuite.com\/en\/#organization","name":"Danielshof","url":"https:\/\/danielshof.opti-hospitalitysuite.com\/en\/","logo":{"@type":"ImageObject","inLanguage":"en-GB","@id":"https:\/\/danielshof.opti-hospitalitysuite.com\/en\/#\/schema\/logo\/image\/","url":"https:\/\/danielshof.opti-hospitalitysuite.com\/wp-content\/uploads\/2023\/04\/cropped-Danielshof_logo-color-e1729070050196.png","contentUrl":"https:\/\/danielshof.opti-hospitalitysuite.com\/wp-content\/uploads\/2023\/04\/cropped-Danielshof_logo-color-e1729070050196.png","width":269,"height":84,"caption":"Danielshof"},"image":{"@id":"https:\/\/danielshof.opti-hospitalitysuite.com\/en\/#\/schema\/logo\/image\/"}}]}},"_links":{"self":[{"href":"https:\/\/danielshof.opti-hospitalitysuite.com\/en\/wp-json\/wp\/v2\/pages\/6437","targetHints":{"allow":["GET"]}}],"collection":[{"href":"https:\/\/danielshof.opti-hospitalitysuite.com\/en\/wp-json\/wp\/v2\/pages"}],"about":[{"href":"https:\/\/danielshof.opti-hospitalitysuite.com\/en\/wp-json\/wp\/v2\/types\/page"}],"author":[{"embeddable":true,"href":"https:\/\/danielshof.opti-hospitalitysuite.com\/en\/wp-json\/wp\/v2\/users\/1"}],"replies":[{"embeddable":true,"href":"https:\/\/danielshof.opti-hospitalitysuite.com\/en\/wp-json\/wp\/v2\/comments?post=6437"}],"version-history":[{"count":37,"href":"https:\/\/danielshof.opti-hospitalitysuite.com\/en\/wp-json\/wp\/v2\/pages\/6437\/revisions"}],"predecessor-version":[{"id":8994,"href":"https:\/\/danielshof.opti-hospitalitysuite.com\/en\/wp-json\/wp\/v2\/pages\/6437\/revisions\/8994"}],"wp:attachment":[{"href":"https:\/\/danielshof.opti-hospitalitysuite.com\/en\/wp-json\/wp\/v2\/media?parent=6437"}],"curies":[{"name":"wp","href":"https:\/\/api.w.org\/{rel}","templated":true}]}}